{"id":315,"date":"2025-02-21T17:50:21","date_gmt":"2025-02-21T17:50:21","guid":{"rendered":"https:\/\/www.habanera.it\/habanerabooks\/?page_id=315"},"modified":"2026-04-29T17:46:10","modified_gmt":"2026-04-29T17:46:10","slug":"le-12-notti-della-befana","status":"publish","type":"page","link":"https:\/\/www.habanera.it\/habanerabooks\/libri-per-bambini\/le-12-notti-della-befana\/","title":{"rendered":"Le 12 notti della Befana"},"content":{"rendered":"\r\n<h3 class=\"wp-block-heading\" style=\"padding-top:0;padding-right:0;padding-bottom:0;padding-left:0\">Le 12 notti della Befana<\/h3>\r\n\r\n\r\n\r\n<div class=\"wp-block-nk-awb nk-awb\"><div class=\"nk-awb-wrap\" data-awb-type=\"image\" data-awb-image-background-size=\"cover\" data-awb-image-background-position=\"70% 38%\"><div class=\"nk-awb-inner\" style=\"opacity: 0.6;\"><img loading=\"lazy\" decoding=\"async\" data-attachment-id=\"363\" data-permalink=\"https:\/\/www.habanera.it\/habanerabooks\/12nottilepolda\/\" data-orig-file=\"https:\/\/www.habanera.it\/habanerabooks\/wp-content\/uploads\/2025\/02\/12nottiLepolda.jpg\" data-orig-size=\"1600,1066\" data-comments-opened=\"1\" data-image-meta=\"{&quot;aperture&quot;:&quot;0&quot;,&quot;credit&quot;:&quot;&quot;,&quot;camera&quot;:&quot;&quot;,&quot;caption&quot;:&quot;&quot;,&quot;created_timestamp&quot;:&quot;0&quot;,&quot;copyright&quot;:&quot;&quot;,&quot;focal_length&quot;:&quot;0&quot;,&quot;iso&quot;:&quot;0&quot;,&quot;shutter_speed&quot;:&quot;0&quot;,&quot;title&quot;:&quot;&quot;,&quot;orientation&quot;:&quot;1&quot;}\" data-image-title=\"Le 12 notti della Befana\" data-image-description=\"&lt;p&gt;Le 12 notti della Befana&lt;\/p&gt;\n\" data-image-caption=\"\" data-large-file=\"https:\/\/www.habanera.it\/habanerabooks\/wp-content\/uploads\/2025\/02\/12nottiLepolda-1024x682.jpg\" src=\"https:\/\/www.habanera.it\/habanerabooks\/wp-content\/uploads\/2025\/02\/12nottiLepolda.jpg\" class=\"wp-image-363 jarallax-img\" alt=\"Le 12 notti della Befana\" width=\"1600\" height=\"1066\" srcset=\"https:\/\/www.habanera.it\/habanerabooks\/wp-content\/uploads\/2025\/02\/12nottiLepolda.jpg 1600w, https:\/\/www.habanera.it\/habanerabooks\/wp-content\/uploads\/2025\/02\/12nottiLepolda-300x200.jpg 300w, https:\/\/www.habanera.it\/habanerabooks\/wp-content\/uploads\/2025\/02\/12nottiLepolda-1024x682.jpg 1024w, https:\/\/www.habanera.it\/habanerabooks\/wp-content\/uploads\/2025\/02\/12nottiLepolda-768x512.jpg 768w, https:\/\/www.habanera.it\/habanerabooks\/wp-content\/uploads\/2025\/02\/12nottiLepolda-1536x1023.jpg 1536w, https:\/\/www.habanera.it\/habanerabooks\/wp-content\/uploads\/2025\/02\/12nottiLepolda-500x333.jpg 500w, https:\/\/www.habanera.it\/habanerabooks\/wp-content\/uploads\/2025\/02\/12nottiLepolda-800x533.jpg 800w, https:\/\/www.habanera.it\/habanerabooks\/wp-content\/uploads\/2025\/02\/12nottiLepolda-1280x853.jpg 1280w\" sizes=\"auto, (max-width: 1600px) 100vw, 1600px\" \/><\/div><\/div><div class=\"nk-awb-wrap-content has-global-padding is-layout-constrained wp-block-nk-awb-is-layout-constrained\">\r\n<p>Un lungo viaggio, per far tornare la fantasia ai bambini che guardano troppa televisione.<\/p>\r\n\r\n\r\n\r\n<p><em>12 son le notti, dalla notte del 25 Dicembre alla notte del 5 Gennaio, in cui la Befana intraprende un viaggio che la porter\u00e0 a riconquistare il suo ruolo che pian piano ha perso nella fantasia dei bambini occidentali, a causa della televisione e dei giochini elettronici.<br>Per restituir loro la fantasia la Befana dovr\u00e0 farsi aiutare dai bambini pi\u00f9 poveri del mondo: africani, asiatici, sud americani, e russi; e alla fine riuscir\u00e0 a ripartire carica di regali, appena in tempo per la notte del 5 Gennaio, dopo aver attraversato in lungo e in largo tutta la Terra.<\/em><\/p>\r\n\r\n\r\n\r\n<p>Ispirato alla tradizione della&nbsp;Befana toscana&nbsp;e liberamente integrato con riferimenti alle diverse tradizioni regionali italiane ed europee.<br>Il testo e le immagini sono state tratte dall&#8217;omonimo&nbsp;spettacolo, vincitore nel 2005 del primo premio&nbsp;Ribalte di Fantasiapromosso dalla rivista di tradizioni popolari&nbsp;Il Cantastorie, dalla&nbsp;Fondazione Famiglia Sarzi&nbsp;e dal&nbsp;Centro Etnografico Ferrarese, il cui successo ci ha spinto alla sua pubblicazione, messo in scena per la prima volta nel 2002.<br>Nello spettacolo i personaggi e le scene in gommapiuma nonch\u00e9 i costumi, sono di&nbsp;Patrizia Ascione; i testi e la regia sono di&nbsp;Stefano Cavallini.<\/p>\r\n<\/div><\/div>\r\n\r\n\r\n\r\n<p><strong>Le 12 notti della Befana<\/strong><br><em>Stefano Cavallini<\/em>&nbsp;e&nbsp;<em>Patrizia Ascione<\/em><br><strong>Habanera books<\/strong> &#8211; 65 pagine<br>collana:&nbsp;<strong>Burattini e marionette da leggere<\/strong><br><a href=\"https:\/\/amzn.eu\/d\/i5EqTLJ\" target=\"_blank\" rel=\"noopener\">acquista ora su Amazon<\/a><\/p>\r\n","protected":false},"excerpt":{"rendered":"<p>Le 12 notti della Befana Le 12 notti della BefanaStefano Cavallini&nbsp;e&nbsp;Patrizia AscioneHabanera books &#8211; 65 paginecollana:&nbsp;Burattini e marionette da leggereacquista ora su Amazon<\/p>\n","protected":false},"author":1,"featured_media":481,"parent":226,"menu_order":2,"comment_status":"closed","ping_status":"closed","template":"","meta":{"footnotes":""},"class_list":["post-315","page","type-page","status-publish","has-post-thumbnail","hentry"],"jetpack_sharing_enabled":true,"jetpack_likes_enabled":true,"jetpack-related-posts":[],"jetpack_shortlink":"https:\/\/wp.me\/PgmPDf-55","_links":{"self":[{"href":"https:\/\/www.habanera.it\/habanerabooks\/wp-json\/wp\/v2\/pages\/315","targetHints":{"allow":["GET"]}}],"collection":[{"href":"https:\/\/www.habanera.it\/habanerabooks\/wp-json\/wp\/v2\/pages"}],"about":[{"href":"https:\/\/www.habanera.it\/habanerabooks\/wp-json\/wp\/v2\/types\/page"}],"author":[{"embeddable":true,"href":"https:\/\/www.habanera.it\/habanerabooks\/wp-json\/wp\/v2\/users\/1"}],"replies":[{"embeddable":true,"href":"https:\/\/www.habanera.it\/habanerabooks\/wp-json\/wp\/v2\/comments?post=315"}],"version-history":[{"count":12,"href":"https:\/\/www.habanera.it\/habanerabooks\/wp-json\/wp\/v2\/pages\/315\/revisions"}],"predecessor-version":[{"id":373,"href":"https:\/\/www.habanera.it\/habanerabooks\/wp-json\/wp\/v2\/pages\/315\/revisions\/373"}],"up":[{"embeddable":true,"href":"https:\/\/www.habanera.it\/habanerabooks\/wp-json\/wp\/v2\/pages\/226"}],"wp:featuredmedia":[{"embeddable":true,"href":"https:\/\/www.habanera.it\/habanerabooks\/wp-json\/wp\/v2\/media\/481"}],"wp:attachment":[{"href":"https:\/\/www.habanera.it\/habanerabooks\/wp-json\/wp\/v2\/media?parent=315"}],"curies":[{"name":"wp","href":"https:\/\/api.w.org\/{rel}","templated":true}]}}