{"id":113,"date":"2013-04-01T02:00:13","date_gmt":"2013-04-01T00:00:13","guid":{"rendered":"http:\/\/www.habanera.it\/associazione\/?page_id=113"},"modified":"2024-11-16T09:48:37","modified_gmt":"2024-11-16T08:48:37","slug":"vistidadentro","status":"publish","type":"page","link":"https:\/\/www.habanera.it\/associazione\/vistidadentro\/","title":{"rendered":"Visti da dentro"},"content":{"rendered":"<blockquote><p>Visti da dentro<br \/>\n<img loading=\"eager\" decoding=\"async\" data-attachment-id=\"408\" data-permalink=\"https:\/\/www.habanera.it\/associazione\/vistidadentro\/attachment\/lisetta\/\" data-orig-file=\"https:\/\/www.habanera.it\/associazione\/wp-content\/uploads\/2013\/04\/Lisetta-e1365269265506.jpg\" data-orig-size=\"150,224\" data-comments-opened=\"1\" data-image-meta=\"{&quot;aperture&quot;:&quot;0&quot;,&quot;credit&quot;:&quot;&quot;,&quot;camera&quot;:&quot;4400F&quot;,&quot;caption&quot;:&quot;&quot;,&quot;created_timestamp&quot;:&quot;0&quot;,&quot;copyright&quot;:&quot;&quot;,&quot;focal_length&quot;:&quot;0&quot;,&quot;iso&quot;:&quot;0&quot;,&quot;shutter_speed&quot;:&quot;0&quot;,&quot;title&quot;:&quot;&quot;}\" data-image-title=\"Lisetta Luchini\" data-image-description=\"\" data-image-caption=\"\" data-large-file=\"https:\/\/www.habanera.it\/associazione\/wp-content\/uploads\/2013\/04\/Lisetta-e1365269265506.jpg\" class=\"size-full wp-image-408 alignleft\" src=\"https:\/\/www.habanera.it\/associazione\/wp-content\/uploads\/2013\/04\/Lisetta-e1365269265506.jpg\" alt=\"Lisetta Luchini\" width=\"150\" height=\"224\" \/>foto di Andrea Falconi<br \/>\n<a href=\"https:\/\/www.lisettaluchini.it\">Lisetta Luchini<\/a> \u00e8 una delle pi\u00f9 apprezzate interpreti e compositrici folk italiane. \u00c8 socia della nostra associazione e in questa pagina ospitiamo i suoi gustosi reportage.<br \/>\nBuona lettura.<\/p><\/blockquote>\n<p>&nbsp;<\/p>\n<p>&nbsp;<\/p>\n<p>&nbsp;<br \/>\n<ul class=\"display-posts-listing\"><li class=\"listing-item\"><a class=\"title\" href=\"https:\/\/www.habanera.it\/associazione\/lisetta\/aspro-monte\/\">Aspro&#8230; monte<\/a> <span class=\"date\">(9\/9\/2005)<\/span> <span class=\"excerpt-dash\">-<\/span> <span class=\"excerpt\">Come promesso ecco la seconda puntata che Lisetta Luchini ci ha inviato, in un impeto grafomane, nel viaggio intrapreso fra Campania e Calabria, dove \u00e8 stata invitata a cantare la sua musica. Buona lettura. &#8212;&#8212;- Questa estate sono tornata al Sud, a Montefalcione (Avellino) il 23 Agosto e poi, il... <a class=\"continue-reading-link\" href=\"https:\/\/www.habanera.it\/associazione\/lisetta\/aspro-monte\/\">Continue reading<\/a><\/span><\/li><li class=\"listing-item\"><a class=\"title\" href=\"https:\/\/www.habanera.it\/associazione\/lisetta\/la-poesia-estemporanea-a-ribolla\/\">La poesia estemporanea a Ribolla<\/a> <span class=\"date\">(4\/17\/2006)<\/span> <span class=\"excerpt-dash\">-<\/span> <span class=\"excerpt\">Torna l&#8217;amica Lisetta Luchini con un gustoso reportage sulla manifestazione che Ribolla dedica all&#8217;Ottava Rima nei primi giorni di Aprile. Buon divertimento. Le foto pubblicate sono tutte dell&#8217;amico Giorgio Vezzani, basta un cliccarci sopra per ingrandirle. &#8212;&#8212;- Cari lettori, dopo qualche tempo torno a scrivere per voi. L&#8217;inverno sembra essere... <a class=\"continue-reading-link\" href=\"https:\/\/www.habanera.it\/associazione\/lisetta\/la-poesia-estemporanea-a-ribolla\/\">Continue reading<\/a><\/span><\/li><li class=\"listing-item\"><a class=\"title\" href=\"https:\/\/www.habanera.it\/associazione\/lisetta\/fornaciari-fornaciari\/\">Fornaciari &#038; Fornaciari<\/a> <span class=\"date\">(7\/26\/2008)<\/span> <span class=\"excerpt-dash\">-<\/span> <span class=\"excerpt\">Dopo oltre due anni di assenza, dovuta a un periodo felicissimo della sua vita (si \u00e8 felicemente sposata) torna con un frizzante articolo e una serie di foto la nostra Lisetta Luchini. Nuova energia e nuova vita non solo artistica per una cantante purosangue della nostra cultura. Questa volta al... <a class=\"continue-reading-link\" href=\"https:\/\/www.habanera.it\/associazione\/lisetta\/fornaciari-fornaciari\/\">Continue reading<\/a><\/span><\/li><li class=\"listing-item\"><a class=\"title\" href=\"https:\/\/www.habanera.it\/associazione\/lisetta\/primo-maggio-una-giornata-con-gli-amici\/\">Primo Maggio, una giornata con gli amici<\/a> <span class=\"date\">(5\/28\/2010)<\/span> <span class=\"excerpt-dash\">-<\/span> <span class=\"excerpt\">Torna a deliziarci, in concomitanza dell&#8217;uscita della sua nuova fatica musicale, Lisetta Luchini. Il titolo del nuovo disco \u00e8 Gl&#8217;\u00e8 tutto sbagliato gl&#8217;\u00e8 tutto da rifare, (con l&#8217;evidente riferimento al famosissimo intercalare del grande Gino Bartali, che Lisetta ha presentato in occasione del 1. maggio a Braccagni di quest&#8217;anno. &#8212;&#8212;-... <a class=\"continue-reading-link\" href=\"https:\/\/www.habanera.it\/associazione\/lisetta\/primo-maggio-una-giornata-con-gli-amici\/\">Continue reading<\/a><\/span><\/li><li class=\"listing-item\"><a class=\"title\" href=\"http:\/\/www.lisettaluchini.it\/discografia\/\">L&#8217;ultimo lavoro di Lisetta Luchini<\/a> <span class=\"date\">(7\/16\/2016)<\/span> <span class=\"excerpt-dash\">-<\/span> <span class=\"excerpt\">Lisetta Luchini presenta la raccolta (2 CD) Toscana in Musica, carrellata della migliore musica popolare toscana. Click per ascoltare.| Lisetta Luchini, a collection of classic Tuscan folk songs. Click to hear. <a class=\"continue-reading-link\" href=\"http:\/\/www.lisettaluchini.it\/discografia\/\">Continue reading<\/a><\/span><\/li><\/ul><\/p>\n","protected":false},"excerpt":{"rendered":"<p>Visti da dentro foto di Andrea Falconi Lisetta Luchini \u00e8 una delle pi\u00f9 apprezzate interpreti e compositrici folk italiane. \u00c8 socia della nostra associazione e in questa pagina ospitiamo i suoi gustosi reportage. Buona lettura. &nbsp; &nbsp; &nbsp; <a class=\"continue-reading-link\" href=\"http:\/\/www.lisettaluchini.it\/discografia\/\">Continue reading<\/a><\/p>\n","protected":false},"author":1,"featured_media":408,"parent":0,"menu_order":0,"comment_status":"open","ping_status":"open","template":"","meta":{"advanced_seo_description":"","jetpack_seo_html_title":"","jetpack_seo_noindex":false,"jetpack_post_was_ever_published":false,"footnotes":"","_links_to":"","_links_to_target":""},"class_list":["post-113","page","type-page","status-publish","has-post-thumbnail","hentry"],"jetpack_sharing_enabled":true,"jetpack_shortlink":"https:\/\/wp.me\/P3JwLS-1P","jetpack_likes_enabled":false,"jetpack-related-posts":[{"id":16,"url":"https:\/\/www.habanera.it\/associazione\/musica\/","url_meta":{"origin":113,"position":0},"title":"Musica","author":"Stefano","date":"31\/03\/2013","format":false,"excerpt":"la musica dei nostri associati MAURIZIO GERI - Swingtet MAURIZIO GERI - Swingtet MAURIZO GERI con Riccardo Tesi e Banditaliana STAZIONI SONORE - Claudia Tellini & Nico Vernuccio MIRKO GUERRINI, NICO GORI e STEFANO BOLLANI DANIELE DI BONAVENTURA - bandoneon JUAN LORENZO - chitarra flamenca\/flamenco guitar LISETTA LUCHINI - canti\u2026","rel":"","context":"Articolo simile","block_context":{"text":"Articolo simile","link":""},"img":{"alt_text":"Lisetta Luchini","src":"https:\/\/i0.wp.com\/www.habanera.it\/associazione\/wp-content\/uploads\/2013\/04\/Lisetta-e1365269265506.jpg?resize=350%2C200&ssl=1","width":350,"height":200},"classes":[]},{"id":101,"url":"https:\/\/www.habanera.it\/associazione\/galleria\/","url_meta":{"origin":113,"position":1},"title":"Galleria foto","author":"Stefano","date":"01\/04\/2013","format":false,"excerpt":"Il giro del mondo di Habanera associazione in 80 foto...","rel":"","context":"Articolo simile","block_context":{"text":"Articolo simile","link":""},"img":{"alt_text":"","src":"https:\/\/i0.wp.com\/www.habanera.it\/associazione\/wp-content\/uploads\/2025\/02\/image.png?resize=350%2C200&ssl=1","width":350,"height":200,"srcset":"https:\/\/i0.wp.com\/www.habanera.it\/associazione\/wp-content\/uploads\/2025\/02\/image.png?resize=350%2C200&ssl=1 1x, https:\/\/i0.wp.com\/www.habanera.it\/associazione\/wp-content\/uploads\/2025\/02\/image.png?resize=525%2C300&ssl=1 1.5x, https:\/\/i0.wp.com\/www.habanera.it\/associazione\/wp-content\/uploads\/2025\/02\/image.png?resize=700%2C400&ssl=1 2x"},"classes":[]}],"_links":{"self":[{"href":"https:\/\/www.habanera.it\/associazione\/wp-json\/wp\/v2\/pages\/113","targetHints":{"allow":["GET"]}}],"collection":[{"href":"https:\/\/www.habanera.it\/associazione\/wp-json\/wp\/v2\/pages"}],"about":[{"href":"https:\/\/www.habanera.it\/associazione\/wp-json\/wp\/v2\/types\/page"}],"author":[{"embeddable":true,"href":"https:\/\/www.habanera.it\/associazione\/wp-json\/wp\/v2\/users\/1"}],"replies":[{"embeddable":true,"href":"https:\/\/www.habanera.it\/associazione\/wp-json\/wp\/v2\/comments?post=113"}],"version-history":[{"count":1,"href":"https:\/\/www.habanera.it\/associazione\/wp-json\/wp\/v2\/pages\/113\/revisions"}],"predecessor-version":[{"id":196500,"href":"https:\/\/www.habanera.it\/associazione\/wp-json\/wp\/v2\/pages\/113\/revisions\/196500"}],"wp:featuredmedia":[{"embeddable":true,"href":"https:\/\/www.habanera.it\/associazione\/wp-json\/wp\/v2\/media\/408"}],"wp:attachment":[{"href":"https:\/\/www.habanera.it\/associazione\/wp-json\/wp\/v2\/media?parent=113"}],"curies":[{"name":"wp","href":"https:\/\/api.w.org\/{rel}","templated":true}]}}